{"id":171,"date":"2018-09-12T09:30:38","date_gmt":"2018-09-12T09:30:38","guid":{"rendered":"http:\/\/muzykauzrodel.com\/?page_id=171"},"modified":"2022-09-10T18:02:50","modified_gmt":"2022-09-10T18:02:50","slug":"o-festiwalu","status":"publish","type":"page","link":"http:\/\/muzykauzrodel.com\/?page_id=171","title":{"rendered":"O festiwalu"},"content":{"rendered":"<p><!-- VideographyWP Plugin Message: Automatic video embedding prevented by plugin options. --><\/p>\n<pre><a href=\"http:\/\/muzykauzrodel.com\/wp-content\/uploads\/2018\/09\/hala-1.jpg\" data-rel=\"lightbox-image-0\" data-rl_title=\"\" data-rl_caption=\"\" title=\"\"><img fetchpriority=\"high\" decoding=\"async\" src=\"http:\/\/muzykauzrodel.com\/wp-content\/uploads\/2018\/09\/hala-1-300x207.jpg\" alt=\"\" width=\"300\" height=\"207\"><\/a><\/pre>\n<p>Festiwal realizowany jest przez Fundacj\u0119 Muzyka u \u0179r\u00f3de\u0142. G\u0142\u00f3wnym za\u0142o\u017ceniem organizator\u00f3w jest popularyzowanie kameralistyki i przedstawienie jej wielobarwnego, atrakcyjnego oblicza, stwarzaj\u0105c jednocze\u015bnie festiwalowym go\u015bciom jak najlepsze warunki do odbioru muzyki.<\/p>\n<p>Niekwestionowanym atutem festiwalu jest jego miejsce &#8211; zabytkowa stacja pomp, w kt\u00f3rej obecnie mie\u015bci si\u0119 Muzeum Wodoci\u0105g\u00f3w. Gospodarzem obiektu s\u0105 bydgoskie Wodoci\u0105gi, kt\u00f3re od pocz\u0105tku festiwalu s\u0105 jego g\u0142\u00f3wnym mecenasem. Jest to doskona\u0142a akustycznie sala, pochodz\u0105ca z ko\u0144ca XIX w., usytuowana w otoczeniu uj\u0119\u0107 \u017ar\u00f3dlanej wody. Miejsce to podczas festiwalu pe\u0142ni rol\u0119 sali koncertowej otwartej dla szerokiego grona s\u0142uchaczy. Koncerty odbywaj\u0105 si\u0119 w listopadzie, wieczorn\u0105 por\u0105, przy lampce wina lub szklaneczce \u017ar\u00f3dlanej wody, a go\u015bci z dala wita ciep\u0142y blask ognia.<\/p>\n<p>Warto\u015bci\u0105 imprezy jest niew\u0105tpliwie jej program &#8211; wielkie dzie\u0142a \u015bwiatowej kameralistyki, grane s\u0105 obok koncert\u00f3w jazzowych czy muzyki z pogranicza gatunk\u00f3w. Zawsze wsp\u00f3lnym mianownikiem jest wysoki poziom artystyczny. Bez w\u0105tpienia na atmosfer\u0119 koncert\u00f3w maj\u0105 wp\u0142yw ludzie &#8211; zaproszeni arty\u015bci, na co dzie\u0144 wyst\u0119puj\u0105cy w najlepszych salach koncertowych na \u015bwiecie oraz ci, kt\u00f3rzy dopiero s\u0105 u progu swojej kariery.<\/p>\n<p><i>&#8222;Przed inauguracj\u0105 Festiwalu (\u2026) organizatorzy m\u00f3wili: &#8211; Chcieliby\u015bmy, by by\u0142o to wydarzenie, kt\u00f3re wyr\u00f3\u017cni si\u0119 na bydgoskiej scenie muzycznej. \u015amia\u0142o mo\u017cna stwierdzi\u0107, \u017ce za\u0142o\u017cenie to uda\u0142o si\u0119 zrealizowa\u0107.\u201d<br \/>\n&#8211; <b>Gazeta Wyborcza<\/b><\/i><\/p>\n<p><i>&nbsp;Zalet\u0105 festiwalu jest tak\u017ce \u015bwietnie dobrany program. (\u2026) Du\u017ce brawa dla organizator\u00f3w i pomys\u0142odawc\u00f3w przedsi\u0119wzi\u0119cia \u2013 zespo\u0142u Barock Quartet. Ma on ju\u017c na swoim koncie wyr\u00f3\u017cnienie marsza\u0142ka wojew\u00f3dztwa za wzbogacanie dziedzictwa kulturalnego wojew\u00f3dztwa. I za to przedsi\u0119wzi\u0119cie nale\u017cy si\u0119 muzykom podobna nagroda.\u201d<br \/>\n&#8211; <b>Gazeta Wyborcza<\/b><\/i><\/p>\n<p><i>&nbsp;\u201eDoskona\u0142e uwolnienie muzyki z budynk\u00f3w instytucji kulturalnych z jednoczesnym zachowaniem wyj\u0105tkowo\u015bci wydarzenia i r\u00f3wnocze\u015bnie \u2013 wolno\u015b\u0107 od zaduchu i zgie\u0142ku pubu czy klubu. (\u2026) W drugiej cz\u0119\u015bci Barock Quartet pokazuje nam, w czym czuje si\u0119 najlepiej. Klasyka ubrana w jazzow\u0105 nut\u0119 robi na mnie niesamowite wra\u017cenie. Nie s\u0105dzi\u0142am, \u017ce mo\u017cna tyle rado\u015bci wykrzesa\u0107 z Bacha. (\u2026). Atmosfera zdecydowanie daleka od patosu wielkich koncert\u00f3w orkiestrowych. Patrz\u0119 na graj\u0105cy zesp\u00f3\u0142 i przypominaj\u0105 mi si\u0119 s\u0142owa wypowiedziane kiedy\u015b przez jurork\u0119 Mam talent: Ty nie grasz muzyki. Ty ca\u0142y jeste\u015b muzyk\u0105! No i zobaczy\u0142am talent na ca\u0142ego \u2013 w czterokrotnym wydaniu, przez ca\u0142e dwie godziny\u2026\u201d<br \/>\n&#8211; <b>InfoBydgoszcz<\/b><\/i><\/p>\n<p><i>&nbsp;\u201eKoncerty odbywaj\u0105 si\u0119 na terenie stacji wodoci\u0105g\u00f3w. Pi\u0119kne miejsce! Zaadoptowane na nowo, odrestaurowane. (&#8230;) My\u015bl\u0119, \u017ce w Bydgoszczy robi si\u0119 bardzo ciekawie, bo okazuje si\u0119, \u017ce jest tu wiele interesuj\u0105cych miejsc i tylko od ludzi zale\u017cy, co si\u0119 z nimi uda zrobi\u0107. Tego typu inicjatywy organizowane przez muzyk\u00f3w wsz\u0119dzie na \u015bwiecie maj\u0105 ogromn\u0105 moc poniewa\u017c im du\u017co bardziej zale\u017cy, \u017ceby wszystko by\u0142o od pocz\u0105tku do ko\u0144ca m\u0105drze przeprowadzone. Du\u017co bardziej ni\u017c urz\u0119dnikom. A w tym wypadku wyj\u0105tkowe jest jeszcze to, \u017ce festiwal jest robiony przez muzyk\u00f3w klasycznych, w zwi\u0105zku z tym, s\u0142u\u017cy prezentacji tej muzyki, kt\u00f3ra niestety jest w naszych czasach coraz rzadziej prezentowana publiczno\u015bci \u2013 ju\u017c o mediach nie wspomn\u0119. Trzeba si\u0119 pochyli\u0107 nad tym. Ja zazdroszcz\u0119 moim kolegom, kt\u00f3rych sta\u0107 na w\u0142a\u015bnie tak\u0105 determinacj\u0119, \u017ce uda\u0142o im si\u0119 zaprosi\u0107 tylu sponsor\u00f3w do finansowania tego festiwalu. Jest to naprawd\u0119 ci\u0119\u017cka praca i podziwiam ich wszystkich za to.\u201d<br \/>\n&#8211; <b>Krzysztof Herdzin, Radio PiK<\/b><\/i><\/p>\n","protected":false},"excerpt":{"rendered":"<p>Festiwal realizowany jest przez Fundacj\u0119 Muzyka u \u0179r\u00f3de\u0142. G\u0142\u00f3wnym za\u0142o\u017ceniem organizator\u00f3w jest popularyzowanie kameralistyki i przedstawienie jej wielobarwnego, atrakcyjnego oblicza, stwarzaj\u0105c jednocze\u015bnie festiwalowym go\u015bciom jak najlepsze warunki do odbioru muzyki. Niekwestionowanym atutem festiwalu jest jego miejsce &#8211; zabytkowa stacja pomp, w kt\u00f3rej obecnie mie\u015bci si\u0119 Muzeum Wodoci\u0105g\u00f3w. Gospodarzem obiektu s\u0105 bydgoskie Wodoci\u0105gi, kt\u00f3re od pocz\u0105tku &hellip; <\/p>\n","protected":false},"author":1,"featured_media":0,"parent":0,"menu_order":0,"comment_status":"closed","ping_status":"closed","template":"","meta":{"ngg_post_thumbnail":0,"footnotes":""},"class_list":["post-171","page","type-page","status-publish","hentry"],"_links":{"self":[{"href":"http:\/\/muzykauzrodel.com\/index.php?rest_route=\/wp\/v2\/pages\/171","targetHints":{"allow":["GET"]}}],"collection":[{"href":"http:\/\/muzykauzrodel.com\/index.php?rest_route=\/wp\/v2\/pages"}],"about":[{"href":"http:\/\/muzykauzrodel.com\/index.php?rest_route=\/wp\/v2\/types\/page"}],"author":[{"embeddable":true,"href":"http:\/\/muzykauzrodel.com\/index.php?rest_route=\/wp\/v2\/users\/1"}],"replies":[{"embeddable":true,"href":"http:\/\/muzykauzrodel.com\/index.php?rest_route=%2Fwp%2Fv2%2Fcomments&post=171"}],"version-history":[{"count":18,"href":"http:\/\/muzykauzrodel.com\/index.php?rest_route=\/wp\/v2\/pages\/171\/revisions"}],"predecessor-version":[{"id":1349,"href":"http:\/\/muzykauzrodel.com\/index.php?rest_route=\/wp\/v2\/pages\/171\/revisions\/1349"}],"wp:attachment":[{"href":"http:\/\/muzykauzrodel.com\/index.php?rest_route=%2Fwp%2Fv2%2Fmedia&parent=171"}],"curies":[{"name":"wp","href":"https:\/\/api.w.org\/{rel}","templated":true}]}}