{"id":178,"date":"2018-09-12T09:31:28","date_gmt":"2018-09-12T09:31:28","guid":{"rendered":"http:\/\/muzykauzrodel.com\/?page_id=178"},"modified":"2021-10-05T19:43:45","modified_gmt":"2021-10-05T19:43:45","slug":"kontakt","status":"publish","type":"page","link":"http:\/\/muzykauzrodel.com\/?page_id=178","title":{"rendered":"Kontakt"},"content":{"rendered":"<p><!-- VideographyWP Plugin Message: Automatic video embedding prevented by plugin options. --><\/p>\n<p style=\"text-align: center;\"><strong>Fundacja Muzyka u \u0179r\u00f3de\u0142<\/strong><\/p>\n<p style=\"text-align: center;\">Magdalena \u015awi\u0105tkowska-Szcz\u0119ch<br \/>\n+48 608 516 875<br \/>\n<a href=\"mailto:muzykauzrodel@gmail.com\">muzykauzrodel@gmail.com<\/a><\/p>\n<p style=\"text-align: center;\"><strong>Dyrekcja artystyczna:<\/strong><br \/>\nZbigniew Szcz\u0119ch<br \/>\ntel. +48 608 571 779<br \/>\n<a href=\"mailto:festiwal@muzykauzrodel.com\">festiwal@muzykauzrodel.com<\/a><\/p>\n<p>&nbsp;<\/p>\n","protected":false},"excerpt":{"rendered":"<p>Fundacja Muzyka u \u0179r\u00f3de\u0142 Magdalena \u015awi\u0105tkowska-Szcz\u0119ch +48 608 516 875 muzykauzrodel@gmail.com Dyrekcja artystyczna: Zbigniew Szcz\u0119ch tel. +48 608 571 779 festiwal@muzykauzrodel.com &nbsp;<\/p>\n","protected":false},"author":1,"featured_media":0,"parent":0,"menu_order":0,"comment_status":"closed","ping_status":"closed","template":"","meta":{"ngg_post_thumbnail":0,"footnotes":""},"class_list":["post-178","page","type-page","status-publish","hentry"],"_links":{"self":[{"href":"http:\/\/muzykauzrodel.com\/index.php?rest_route=\/wp\/v2\/pages\/178","targetHints":{"allow":["GET"]}}],"collection":[{"href":"http:\/\/muzykauzrodel.com\/index.php?rest_route=\/wp\/v2\/pages"}],"about":[{"href":"http:\/\/muzykauzrodel.com\/index.php?rest_route=\/wp\/v2\/types\/page"}],"author":[{"embeddable":true,"href":"http:\/\/muzykauzrodel.com\/index.php?rest_route=\/wp\/v2\/users\/1"}],"replies":[{"embeddable":true,"href":"http:\/\/muzykauzrodel.com\/index.php?rest_route=%2Fwp%2Fv2%2Fcomments&post=178"}],"version-history":[{"count":8,"href":"http:\/\/muzykauzrodel.com\/index.php?rest_route=\/wp\/v2\/pages\/178\/revisions"}],"predecessor-version":[{"id":1792,"href":"http:\/\/muzykauzrodel.com\/index.php?rest_route=\/wp\/v2\/pages\/178\/revisions\/1792"}],"wp:attachment":[{"href":"http:\/\/muzykauzrodel.com\/index.php?rest_route=%2Fwp%2Fv2%2Fmedia&parent=178"}],"curies":[{"name":"wp","href":"https:\/\/api.w.org\/{rel}","templated":true}]}}