{"id":1412,"date":"2019-09-19T19:04:58","date_gmt":"2019-09-19T19:04:58","guid":{"rendered":"http:\/\/muzykauzrodel.com\/?page_id=1412"},"modified":"2025-09-03T15:53:28","modified_gmt":"2025-09-03T15:53:28","slug":"to-juz-jedenasty-raz","status":"publish","type":"page","link":"https:\/\/muzykauzrodel.com\/","title":{"rendered":"To ju\u017c siedemnasty raz&#8230;"},"content":{"rendered":"<!-- VideographyWP Plugin Message: Automatic video embedding prevented by plugin options. -->\n\n\n<p style=\"margin-right: 12.9pt; text-align: justify;\"><a href=\"http:\/\/muzykauzrodel.com\/wp-content\/uploads\/2018\/09\/hala-1.jpg\" data-rel=\"lightbox-image-0\" data-rl_title=\"\" data-rl_caption=\"\" title=\"\"><img fetchpriority=\"high\" decoding=\"async\" src=\"http:\/\/muzykauzrodel.com\/wp-content\/uploads\/2018\/09\/hala-1-300x207.jpg\" alt=\"\" width=\"300\" height=\"207\"><\/a><\/p>\n<p>Zapraszamy Pa\u0144stwa na festiwalowe koncerty do wyj\u0105tkowego miejsca &#8211; zabytkowej hali pomp wodoci\u0105gowych, tu\u017c przy Lesie Gda\u0144skim. Niezwyk\u0142y, nieco industrialny klimat miejsca oraz wyj\u0105tkowa akustyka by\u0142y wielokrotnie chwalone przez meloman\u00f3w oraz wyst\u0119puj\u0105cych artyst\u00f3w. Ale jak zawsze w trakcie festiwalowych weekend\u00f3w najwa\u017cniejsza jest muzyka&#8230;<\/p>\n<blockquote>\n<p><em>\u201eDoskona\u0142e uwolnienie muzyki z budynk\u00f3w instytucji kulturalnych z jednoczesnym zachowaniem wyj\u0105tkowo\u015bci wydarzenia i r\u00f3wnocze\u015bnie \u2013 wolno\u015b\u0107 od zaduchu i zgie\u0142ku pubu czy klubu.\u201d<\/em> &#8211; <strong>InfoBydgoszcz&nbsp;<\/strong><\/p>\n<\/blockquote>\n<p align=\"JUSTIFY\">Serdecznie zapraszamy! &nbsp;<\/p>","protected":false},"excerpt":{"rendered":"<p>Zapraszamy Pa\u0144stwa na festiwalowe koncerty do wyj\u0105tkowego miejsca &#8211; zabytkowej hali pomp wodoci\u0105gowych, tu\u017c przy Lesie Gda\u0144skim. Niezwyk\u0142y, nieco industrialny klimat miejsca oraz wyj\u0105tkowa akustyka by\u0142y wielokrotnie chwalone przez meloman\u00f3w oraz wyst\u0119puj\u0105cych artyst\u00f3w. Ale jak zawsze w trakcie festiwalowych weekend\u00f3w najwa\u017cniejsza jest muzyka&#8230; \u201eDoskona\u0142e uwolnienie muzyki z budynk\u00f3w instytucji kulturalnych z jednoczesnym zachowaniem wyj\u0105tkowo\u015bci wydarzenia &hellip; <\/p>\n","protected":false},"author":1,"featured_media":199,"parent":0,"menu_order":0,"comment_status":"closed","ping_status":"closed","template":"","meta":{"ngg_post_thumbnail":0,"footnotes":""},"class_list":["post-1412","page","type-page","status-publish","has-post-thumbnail","hentry"],"_links":{"self":[{"href":"https:\/\/muzykauzrodel.com\/index.php?rest_route=\/wp\/v2\/pages\/1412","targetHints":{"allow":["GET"]}}],"collection":[{"href":"https:\/\/muzykauzrodel.com\/index.php?rest_route=\/wp\/v2\/pages"}],"about":[{"href":"https:\/\/muzykauzrodel.com\/index.php?rest_route=\/wp\/v2\/types\/page"}],"author":[{"embeddable":true,"href":"https:\/\/muzykauzrodel.com\/index.php?rest_route=\/wp\/v2\/users\/1"}],"replies":[{"embeddable":true,"href":"https:\/\/muzykauzrodel.com\/index.php?rest_route=%2Fwp%2Fv2%2Fcomments&post=1412"}],"version-history":[{"count":24,"href":"https:\/\/muzykauzrodel.com\/index.php?rest_route=\/wp\/v2\/pages\/1412\/revisions"}],"predecessor-version":[{"id":2286,"href":"https:\/\/muzykauzrodel.com\/index.php?rest_route=\/wp\/v2\/pages\/1412\/revisions\/2286"}],"wp:featuredmedia":[{"embeddable":true,"href":"https:\/\/muzykauzrodel.com\/index.php?rest_route=\/wp\/v2\/media\/199"}],"wp:attachment":[{"href":"https:\/\/muzykauzrodel.com\/index.php?rest_route=%2Fwp%2Fv2%2Fmedia&parent=1412"}],"curies":[{"name":"wp","href":"https:\/\/api.w.org\/{rel}","templated":true}]}}